{"id":139,"date":"2021-09-08T06:57:16","date_gmt":"2021-09-08T06:57:16","guid":{"rendered":"https:\/\/join-my-journey.de\/?page_id=139"},"modified":"2021-09-20T04:16:42","modified_gmt":"2021-09-20T04:16:42","slug":"startseite","status":"publish","type":"page","link":"https:\/\/join-my-journey.de\/","title":{"rendered":"Startseite"},"content":{"rendered":"\n<p><\/p>\n\n\n\n<div class=\"wp-block-columns\">\n<div class=\"wp-block-column\" style=\"flex-basis:100%\">\n<div class=\"wp-container-8 wp-block-query\"><ul class=\"wp-container-7 wp-block-post-template\"><li class=\"wp-block-post post-1486 post type-post status-publish format-standard has-post-thumbnail hentry category-die-letzten-wochen\">\n<h2 class=\"wp-container-1 wp-block-post-title\">Abschied und R\u00fcckkehr nach Deutschland<\/h2>\n\n<div class=\"wp-block-post-date\"><time datetime=\"2022-04-11T21:28:40+00:00\">April 11, 2022<\/time><\/div>\n\n<div class=\"wp-block-post-excerpt\"><p class=\"wp-block-post-excerpt__excerpt\">Heute vor genau zwei Monaten, am 11.02.22, kam ich nach knapp sechs Monaten wieder in Deutschland an. Meine Eltern haben mich, wie bereits im letzten Blog Artikel beschrieben, bei meiner Gastfamilie in Kanada abgeholt und nach noch knapp zwei Wochen Urlaub zu dritt ging es f\u00fcr uns wieder in mein Heimatland.&nbsp; Da sich einige daf\u00fcr &hellip; <\/p><p class=\"wp-block-post-excerpt__more-text\"><a class=\"wp-block-post-excerpt__more-link\" href=\"https:\/\/join-my-journey.de\/?p=1486\">Weiterlesen<\/a><\/p><\/div>\n\n\n<p><\/p>\n\n<\/li><li class=\"wp-block-post post-1439 post type-post status-publish format-standard has-post-thumbnail hentry category-die-letzten-wochen\">\n<h2 class=\"wp-container-2 wp-block-post-title\">Wiedersehen meiner Eltern<\/h2>\n\n<div class=\"wp-block-post-date\"><time datetime=\"2022-02-18T21:10:44+00:00\">Februar 18, 2022<\/time><\/div>\n\n<div class=\"wp-block-post-excerpt\"><p class=\"wp-block-post-excerpt__excerpt\">Wie einige bereits wissen, war von Anfang an geplant, dass mich meine Eltern aus Deutschland gegen Ende des Halbjahres vor Ort in Kanada abholen. Nicht nur, h\u00e4tten sie so die Chance meine Gasteltern und die f\u00fcr mich gewohnte Umgebung kennenzulernen, auch waren etwa zehn weitere Tage geplant, in denen wir das Land noch mal alleine &hellip; <\/p><p class=\"wp-block-post-excerpt__more-text\"><a class=\"wp-block-post-excerpt__more-link\" href=\"https:\/\/join-my-journey.de\/?p=1439\">Weiterlesen<\/a><\/p><\/div>\n\n\n<p><\/p>\n\n<\/li><li class=\"wp-block-post post-1355 post type-post status-publish format-standard has-post-thumbnail hentry category-typisch-kanada\">\n<h2 class=\"wp-container-3 wp-block-post-title\">Landschaft &#038; Wintersport in Kanada<\/h2>\n\n<div class=\"wp-block-post-date\"><time datetime=\"2022-02-08T20:05:39+00:00\">Februar 8, 2022<\/time><\/div>\n\n<div class=\"wp-block-post-excerpt\"><p class=\"wp-block-post-excerpt__excerpt\">Sehr h\u00e4ufig wurde ich von euch gefragt, wie es denn hier auf Vancouver Island bez\u00fcglich Skifahren aussieht, da das Land nun mal bekannt f\u00fcr die kalten Wintersport ist. Vor meiner Abreise wurde mir auch oft geraten, dicke Kleidung einzupacken, da die meisten bei der Vorstellung an Kanada gro\u00dfe Schneemengen und sehr niedrige Temperaturen im Kopf &hellip; <\/p><p class=\"wp-block-post-excerpt__more-text\"><a class=\"wp-block-post-excerpt__more-link\" href=\"https:\/\/join-my-journey.de\/?p=1355\">Weiterlesen<\/a><\/p><\/div>\n\n\n<p><\/p>\n\n<\/li><li class=\"wp-block-post post-1258 post type-post status-publish format-standard has-post-thumbnail hentry category-typisch-kanada\">\n<h2 class=\"wp-container-4 wp-block-post-title\">Weihnachten und Silvester in Kanada<\/h2>\n\n<div class=\"wp-block-post-date\"><time datetime=\"2022-02-01T09:07:15+00:00\">Februar 1, 2022<\/time><\/div>\n\n<div class=\"wp-block-post-excerpt\"><p class=\"wp-block-post-excerpt__excerpt\">Genau einen Monat ist das Jahr 2022 nun alt, doch wie ich es mit meiner Gastfamilie begr\u00fc\u00dft habe, das wird sich in diesem Artikel zeigen. Au\u00dferdem werde ich euch berichten, wie Weihnachten hier ablief und ob sich die Klischees aus den nordamerikanischen Filmen \u00fcber das Fest wirklich als wahr herausstellten. Typische Traditionen Bestimmt hat jeder &hellip; <\/p><p class=\"wp-block-post-excerpt__more-text\"><a class=\"wp-block-post-excerpt__more-link\" href=\"https:\/\/join-my-journey.de\/?p=1258\">Weiterlesen<\/a><\/p><\/div>\n\n\n<p><\/p>\n\n<\/li><li class=\"wp-block-post post-1121 post type-post status-publish format-standard has-post-thumbnail hentry category-ausfluege\">\n<h2 class=\"wp-container-5 wp-block-post-title\">Victoria &#8211; Was hat die Hauptstadt zu bieten?<\/h2>\n\n<div class=\"wp-block-post-date\"><time datetime=\"2022-01-22T07:58:14+00:00\">Januar 22, 2022<\/time><\/div>\n\n<div class=\"wp-block-post-excerpt\"><p class=\"wp-block-post-excerpt__excerpt\">Es w\u00e4re nat\u00fcrlich ein Unding, ein halbes Jahr auf Vancouver Island gewesen zu sein und nicht ein einziges Mal die Hauptstadt der Provinz British Columbia und&nbsp;die gr\u00f6\u00dfte&nbsp;Stadt der Inseln besucht zu haben. Die Rede ist von Victoria, was sich etwa drei Stunden s\u00fcdlich von Courtenay, ebenfalls an der Ostk\u00fcste, befindet. Hier k\u00f6nnt ihr zur Veranschaulichung &hellip; <\/p><p class=\"wp-block-post-excerpt__more-text\"><a class=\"wp-block-post-excerpt__more-link\" href=\"https:\/\/join-my-journey.de\/?p=1121\">Weiterlesen<\/a><\/p><\/div>\n\n\n<p><\/p>\n\n<\/li><li class=\"wp-block-post post-1119 post type-post status-publish format-standard has-post-thumbnail hentry category-ausfluege\">\n<h2 class=\"wp-container-6 wp-block-post-title\">Weihnachtsevent &#8211; Crown Isle Resort<\/h2>\n\n<div class=\"wp-block-post-date\"><time datetime=\"2022-01-16T09:46:58+00:00\">Januar 16, 2022<\/time><\/div>\n\n<div class=\"wp-block-post-excerpt\"><p class=\"wp-block-post-excerpt__excerpt\">Bisher ging es in meinen Artikeln immer viel um die Ausfl\u00fcge in der Natur, was bei so einer tollen Landschaft wie hier auf Vancouver Island nat\u00fcrlich auch gerechtfertigt ist. Doch da die wundersch\u00f6ne Umgebung nicht das einzige ist, was ich in den letzten Wochen und Monaten zu sehen bekam, wird es jetzt um ein Weihnachtsevent &hellip; <\/p><p class=\"wp-block-post-excerpt__more-text\"><a class=\"wp-block-post-excerpt__more-link\" href=\"https:\/\/join-my-journey.de\/?p=1119\">Weiterlesen<\/a><\/p><\/div>\n\n\n<p><\/p>\n\n<\/li><\/ul><\/div>\n<\/div>\n<\/div>\n","protected":false},"excerpt":{"rendered":"","protected":false},"author":2,"featured_media":0,"parent":0,"menu_order":0,"comment_status":"closed","ping_status":"closed","template":"","meta":[],"_links":{"self":[{"href":"https:\/\/join-my-journey.de\/index.php?rest_route=\/wp\/v2\/pages\/139"}],"collection":[{"href":"https:\/\/join-my-journey.de\/index.php?rest_route=\/wp\/v2\/pages"}],"about":[{"href":"https:\/\/join-my-journey.de\/index.php?rest_route=\/wp\/v2\/types\/page"}],"author":[{"embeddable":true,"href":"https:\/\/join-my-journey.de\/index.php?rest_route=\/wp\/v2\/users\/2"}],"replies":[{"embeddable":true,"href":"https:\/\/join-my-journey.de\/index.php?rest_route=%2Fwp%2Fv2%2Fcomments&post=139"}],"version-history":[{"count":21,"href":"https:\/\/join-my-journey.de\/index.php?rest_route=\/wp\/v2\/pages\/139\/revisions"}],"predecessor-version":[{"id":172,"href":"https:\/\/join-my-journey.de\/index.php?rest_route=\/wp\/v2\/pages\/139\/revisions\/172"}],"wp:attachment":[{"href":"https:\/\/join-my-journey.de\/index.php?rest_route=%2Fwp%2Fv2%2Fmedia&parent=139"}],"curies":[{"name":"wp","href":"https:\/\/api.w.org\/{rel}","templated":true}]}}